{"id":209,"date":"2017-11-08T23:28:06","date_gmt":"2017-11-08T23:28:06","guid":{"rendered":"http:\/\/frauenberatung-kirchdorf.at\/wordpress\/?page_id=209"},"modified":"2024-12-05T13:02:40","modified_gmt":"2024-12-05T12:02:40","slug":"impressum","status":"publish","type":"page","link":"https:\/\/www.frauenberatung-kirchdorf.at\/?page_id=209","title":{"rendered":"Impressum"},"content":{"rendered":"<p><strong><span style=\"color: #339966;\">Medieninhaber<\/span><\/strong><\/p>\n<p><span style=\"font-size: 1rem;\"><strong>Verein BERTA<\/strong>\u00a0Beratung f\u00fcr Frauen und M\u00e4dchen\u00a0\u00a0<\/span><br \/>\nKirchdorf an der Krems\u00a0<span style=\"font-size: 1rem;\">(ZVR: 758 900 231)<\/span><\/p>\n<p><strong>Anschrift<\/strong>:\u00a04560 Kirchdorf, Hauptplatz 18<\/p>\n<p><strong>Tel.:<\/strong>\u00a0 07582\/517 67<br \/>\n<strong>E-mail:\u00a0\u00a0<\/strong>office@frauenberatung-kirchdorf.at<br \/>\n<strong>Homepage<\/strong>:\u00a0 www.frauenberatung-kirchdorf.at<\/p>\n<p><span style=\"color: #339966;\"><strong>Haftung f\u00fcr Links<\/strong><\/span><\/p>\n<p>Unsere Seiten enthalten Links auf externe Websites Dritter. Auf die Inhalte dieser<br \/>\nverlinkten Websites haben wir keinen Einfluss. F\u00fcr die Richtigkeit der Inhalte ist<br \/>\nimmer der jeweilige Anbieter oder Betreiber verantwortlich, weshalb wir diesbez\u00fcglich<br \/>\nkeinerlei Gew\u00e4hr \u00fcbernehmen.<br \/>\nDie fremden Websites haben wir zum Zeitpunkt der Verlinkung auf m\u00f6gliche<br \/>\nRechtsverst\u00f6\u00dfe \u00fcberpr\u00fcft. Zum Zeitpunkt der Verlinkung waren keinerlei<br \/>\nRechtsverletzungen erkennbar. Eine st\u00e4ndige \u00dcberpr\u00fcfung s\u00e4mtlicher Inhalte der von<br \/>\nuns verlinkten Seiten ohne tats\u00e4chliche Anhaltspunkte f\u00fcr einen Rechtsversto\u00df k\u00f6nnen<br \/>\nwir nicht leisten. Falls uns Rechtsverletzungen bekannt werden, werden wir die<br \/>\nentsprechenden Links sofort entfernen.<\/p>\n","protected":false},"excerpt":{"rendered":"<p>Medieninhaber Verein BERTA\u00a0Beratung f\u00fcr Frauen und M\u00e4dchen\u00a0\u00a0 Kirchdorf an der Krems\u00a0(ZVR: 758 900 231) Anschrift:\u00a04560 Kirchdorf, Hauptplatz 18 Tel.:\u00a0 07582\/517 67 E-mail:\u00a0\u00a0office@frauenberatung-kirchdorf.at Homepage:\u00a0 www.frauenberatung-kirchdorf.at Haftung f\u00fcr Links Unsere Seiten enthalten [&hellip;]<\/p>\n","protected":false},"author":1,"featured_media":0,"parent":0,"menu_order":0,"comment_status":"closed","ping_status":"closed","template":"","meta":{"footnotes":""},"_links":{"self":[{"href":"https:\/\/www.frauenberatung-kirchdorf.at\/index.php?rest_route=\/wp\/v2\/pages\/209"}],"collection":[{"href":"https:\/\/www.frauenberatung-kirchdorf.at\/index.php?rest_route=\/wp\/v2\/pages"}],"about":[{"href":"https:\/\/www.frauenberatung-kirchdorf.at\/index.php?rest_route=\/wp\/v2\/types\/page"}],"author":[{"embeddable":true,"href":"https:\/\/www.frauenberatung-kirchdorf.at\/index.php?rest_route=\/wp\/v2\/users\/1"}],"replies":[{"embeddable":true,"href":"https:\/\/www.frauenberatung-kirchdorf.at\/index.php?rest_route=%2Fwp%2Fv2%2Fcomments&post=209"}],"version-history":[{"count":7,"href":"https:\/\/www.frauenberatung-kirchdorf.at\/index.php?rest_route=\/wp\/v2\/pages\/209\/revisions"}],"predecessor-version":[{"id":1053,"href":"https:\/\/www.frauenberatung-kirchdorf.at\/index.php?rest_route=\/wp\/v2\/pages\/209\/revisions\/1053"}],"wp:attachment":[{"href":"https:\/\/www.frauenberatung-kirchdorf.at\/index.php?rest_route=%2Fwp%2Fv2%2Fmedia&parent=209"}],"curies":[{"name":"wp","href":"https:\/\/api.w.org\/{rel}","templated":true}]}}