{"id":5,"date":"2017-10-30T16:42:08","date_gmt":"2017-10-30T16:42:08","guid":{"rendered":"http:\/\/frauenberatung-kirchdorf.at\/wordpress\/?page_id=5"},"modified":"2024-09-05T14:06:35","modified_gmt":"2024-09-05T13:06:35","slug":"team-berta","status":"publish","type":"page","link":"https:\/\/www.frauenberatung-kirchdorf.at\/?page_id=5","title":{"rendered":"Team BERTA"},"content":{"rendered":"<p><strong>Hauptamtliches\u00a0BERTA-Team \/\u00a0Mitarbeiterinnen<\/strong><\/p>\n<p><strong>Manuela Leuschner<\/strong> (Gesch\u00e4ftsf\u00fchrerin)<\/p>\n<p><img loading=\"lazy\" decoding=\"async\" class=\"alignnone size-medium wp-image-765\" src=\"https:\/\/www.frauenberatung-kirchdorf.at\/wp-content\/uploads\/2021\/07\/180926-BERTA-Portraits-und-Gruppenfotos-005-e1626254271141-200x300.jpg\" alt=\"\" width=\"200\" height=\"300\" srcset=\"https:\/\/www.frauenberatung-kirchdorf.at\/wp-content\/uploads\/2021\/07\/180926-BERTA-Portraits-und-Gruppenfotos-005-e1626254271141-200x300.jpg 200w, https:\/\/www.frauenberatung-kirchdorf.at\/wp-content\/uploads\/2021\/07\/180926-BERTA-Portraits-und-Gruppenfotos-005-e1626254271141-768x1152.jpg 768w, https:\/\/www.frauenberatung-kirchdorf.at\/wp-content\/uploads\/2021\/07\/180926-BERTA-Portraits-und-Gruppenfotos-005-e1626254271141-683x1024.jpg 683w\" sizes=\"(max-width: 200px) 100vw, 200px\" \/><\/p>\n<p><strong>Mag.a Katharina Oberndorfer<\/strong> (Juristische Beraterin)<\/p>\n<p><img loading=\"lazy\" decoding=\"async\" class=\"alignnone wp-image-806 size-thumbnail\" src=\"https:\/\/www.frauenberatung-kirchdorf.at\/wp-content\/uploads\/2022\/09\/Katharina-Oberndorfer-150x150.png\" alt=\"\" width=\"150\" height=\"150\" srcset=\"https:\/\/www.frauenberatung-kirchdorf.at\/wp-content\/uploads\/2022\/09\/Katharina-Oberndorfer-150x150.png 150w, https:\/\/www.frauenberatung-kirchdorf.at\/wp-content\/uploads\/2022\/09\/Katharina-Oberndorfer-250x250.png 250w\" sizes=\"(max-width: 150px) 100vw, 150px\" \/><\/p>\n<p><strong>Mag.a Anita Lobnig <\/strong>(Psychosoziale Beraterin)<\/p>\n<p><img loading=\"lazy\" decoding=\"async\" class=\"alignnone size-medium wp-image-805\" src=\"https:\/\/www.frauenberatung-kirchdorf.at\/wp-content\/uploads\/2022\/09\/Bild-2-Anita-Lobnig-2021-247x300.jpeg\" alt=\"\" width=\"247\" height=\"300\" srcset=\"https:\/\/www.frauenberatung-kirchdorf.at\/wp-content\/uploads\/2022\/09\/Bild-2-Anita-Lobnig-2021-247x300.jpeg 247w, https:\/\/www.frauenberatung-kirchdorf.at\/wp-content\/uploads\/2022\/09\/Bild-2-Anita-Lobnig-2021.jpeg 747w\" sizes=\"(max-width: 247px) 100vw, 247px\" \/><\/p>\n<p><strong>Ehrenamtliches BERTA-TEAM \/\u00a0Vorst\u00e4ndinnen<\/strong><\/p>\n<p><img loading=\"lazy\" decoding=\"async\" class=\"alignnone size-thumbnail wp-image-1020\" src=\"https:\/\/www.frauenberatung-kirchdorf.at\/wp-content\/uploads\/2024\/09\/dee8bb56-6003-4e96-a376-52166e2f1865-150x150.jpg\" alt=\"\" width=\"150\" height=\"150\" \/><\/p>\n<p><strong>Petra Kapeller<\/strong> (Obfrau)<\/p>\n<p><strong>Cornelia P\u00f6ttinger<\/strong> (Obfrau-Stellvertreterin)<\/p>\n<p><strong>Agnes Dohoczki:<\/strong>\u00a0(Kassiererin)<\/p>\n<p><strong>Kathrin Quell:<\/strong> (Schriftf\u00fchrerin)<\/p>\n<p>Der Verein BERTA &#8211; Beratung f\u00fcr Frauen und M\u00e4dchen, Kirchdorf (ZVR:758 900 231) ist der Tr\u00e4gerinnenverein der Frauen- und M\u00e4dchenberatungsstelle BERTA &#8211; Kirchdorf.<\/p>\n<h3><strong>Herzlichen Dank an unsere F\u00f6rdergeber\/innen und Spendengeber\/innen!<\/strong><\/h3>\n<div id=\"metaslider-id-145\" style=\"max-width: 500px; margin: 0 auto;\" class=\"ml-slider-3-80-0 metaslider metaslider-flex metaslider-145 ml-slider ms-theme-default\" role=\"region\" aria-roledescription=\"Slideshow\" aria-label=\"Neue Diashow\">\n    <div id=\"metaslider_container_145\">\n        <div id=\"metaslider_145\">\n            <ul class='slides'>\n                <li style=\"display: block; width: 100%;\" class=\"slide-289 ms-image \" aria-roledescription=\"slide\" aria-label=\"slide-289\"><img loading=\"lazy\" decoding=\"async\" width=\"1236\" height=\"444\" src=\"https:\/\/www.frauenberatung-kirchdorf.at\/wp-content\/uploads\/2019\/02\/BKA_FFJ_Logo_srgb.png\" class=\"slider-145 slide-289\" alt=\"\" rel=\"\" title=\"\" srcset=\"https:\/\/www.frauenberatung-kirchdorf.at\/wp-content\/uploads\/2019\/02\/BKA_FFJ_Logo_srgb.png 1236w, https:\/\/www.frauenberatung-kirchdorf.at\/wp-content\/uploads\/2019\/02\/BKA_FFJ_Logo_srgb-300x108.png 300w, https:\/\/www.frauenberatung-kirchdorf.at\/wp-content\/uploads\/2019\/02\/BKA_FFJ_Logo_srgb-768x276.png 768w, https:\/\/www.frauenberatung-kirchdorf.at\/wp-content\/uploads\/2019\/02\/BKA_FFJ_Logo_srgb-1024x368.png 1024w\" sizes=\"(max-width: 1236px) 100vw, 1236px\" \/><\/li>\n                <li style=\"display: none; width: 100%;\" class=\"slide-290 ms-image \" aria-roledescription=\"slide\" aria-label=\"slide-290\"><img loading=\"lazy\" decoding=\"async\" width=\"500\" height=\"250\" src=\"https:\/\/www.frauenberatung-kirchdorf.at\/wp-content\/uploads\/2018\/02\/OOELogo_mR_rdax_500x250.jpg\" class=\"slider-145 slide-290\" alt=\"\" rel=\"\" title=\"\" srcset=\"https:\/\/www.frauenberatung-kirchdorf.at\/wp-content\/uploads\/2018\/02\/OOELogo_mR_rdax_500x250.jpg 500w, https:\/\/www.frauenberatung-kirchdorf.at\/wp-content\/uploads\/2018\/02\/OOELogo_mR_rdax_500x250-300x150.jpg 300w\" sizes=\"(max-width: 500px) 100vw, 500px\" \/><\/li>\n                <li style=\"display: none; width: 100%;\" class=\"slide-291 ms-image \" aria-roledescription=\"slide\" aria-label=\"slide-291\"><img loading=\"lazy\" decoding=\"async\" width=\"227\" height=\"222\" src=\"https:\/\/www.frauenberatung-kirchdorf.at\/wp-content\/uploads\/2018\/02\/SHV_Kirchdorf.jpg\" class=\"slider-145 slide-291\" alt=\"\" rel=\"\" title=\"\" \/><\/li>\n                <li style=\"display: none; width: 100%;\" class=\"slide-292 ms-image \" aria-roledescription=\"slide\" aria-label=\"slide-292\"><img loading=\"lazy\" decoding=\"async\" width=\"1654\" height=\"1063\" src=\"https:\/\/www.frauenberatung-kirchdorf.at\/wp-content\/uploads\/2018\/02\/sozialab_landooe_logo.jpg\" class=\"slider-145 slide-292\" alt=\"\" rel=\"\" title=\"\" srcset=\"https:\/\/www.frauenberatung-kirchdorf.at\/wp-content\/uploads\/2018\/02\/sozialab_landooe_logo.jpg 1654w, https:\/\/www.frauenberatung-kirchdorf.at\/wp-content\/uploads\/2018\/02\/sozialab_landooe_logo-300x193.jpg 300w, https:\/\/www.frauenberatung-kirchdorf.at\/wp-content\/uploads\/2018\/02\/sozialab_landooe_logo-768x494.jpg 768w, https:\/\/www.frauenberatung-kirchdorf.at\/wp-content\/uploads\/2018\/02\/sozialab_landooe_logo-1024x658.jpg 1024w\" sizes=\"(max-width: 1654px) 100vw, 1654px\" \/><\/li>\n                <li style=\"display: none; width: 100%;\" class=\"slide-293 ms-image \" aria-roledescription=\"slide\" aria-label=\"slide-293\"><img loading=\"lazy\" decoding=\"async\" width=\"454\" height=\"111\" src=\"https:\/\/www.frauenberatung-kirchdorf.at\/wp-content\/uploads\/2017\/11\/Marktgemeinde-Micheldorf.png\" class=\"slider-145 slide-293\" alt=\"\" rel=\"\" title=\"\" srcset=\"https:\/\/www.frauenberatung-kirchdorf.at\/wp-content\/uploads\/2017\/11\/Marktgemeinde-Micheldorf.png 454w, https:\/\/www.frauenberatung-kirchdorf.at\/wp-content\/uploads\/2017\/11\/Marktgemeinde-Micheldorf-300x73.png 300w, https:\/\/www.frauenberatung-kirchdorf.at\/wp-content\/uploads\/2017\/11\/Marktgemeinde-Micheldorf-450x111.png 450w\" sizes=\"(max-width: 454px) 100vw, 454px\" \/><\/li>\n                <li style=\"display: none; width: 100%;\" class=\"slide-294 ms-image \" aria-roledescription=\"slide\" aria-label=\"slide-294\"><img loading=\"lazy\" decoding=\"async\" width=\"1972\" height=\"803\" src=\"https:\/\/www.frauenberatung-kirchdorf.at\/wp-content\/uploads\/2021\/04\/Frauen_Oberoesterreich_inkl_Schutzzone_2021.jpg\" class=\"slider-145 slide-294\" alt=\"\" rel=\"\" title=\"\" srcset=\"https:\/\/www.frauenberatung-kirchdorf.at\/wp-content\/uploads\/2021\/04\/Frauen_Oberoesterreich_inkl_Schutzzone_2021.jpg 1972w, https:\/\/www.frauenberatung-kirchdorf.at\/wp-content\/uploads\/2021\/04\/Frauen_Oberoesterreich_inkl_Schutzzone_2021-300x122.jpg 300w, https:\/\/www.frauenberatung-kirchdorf.at\/wp-content\/uploads\/2021\/04\/Frauen_Oberoesterreich_inkl_Schutzzone_2021-768x313.jpg 768w, https:\/\/www.frauenberatung-kirchdorf.at\/wp-content\/uploads\/2021\/04\/Frauen_Oberoesterreich_inkl_Schutzzone_2021-1024x417.jpg 1024w\" sizes=\"(max-width: 1972px) 100vw, 1972px\" \/><\/li>\n                <li style=\"display: none; width: 100%;\" class=\"slide-295 ms-image \" aria-roledescription=\"slide\" aria-label=\"slide-295\"><img loading=\"lazy\" decoding=\"async\" width=\"225\" height=\"225\" src=\"https:\/\/www.frauenberatung-kirchdorf.at\/wp-content\/uploads\/2017\/11\/Kirchdorfer-Zementwerk.jpg\" class=\"slider-145 slide-295\" alt=\"\" rel=\"\" title=\"\" srcset=\"https:\/\/www.frauenberatung-kirchdorf.at\/wp-content\/uploads\/2017\/11\/Kirchdorfer-Zementwerk.jpg 225w, https:\/\/www.frauenberatung-kirchdorf.at\/wp-content\/uploads\/2017\/11\/Kirchdorfer-Zementwerk-150x150.jpg 150w\" sizes=\"(max-width: 225px) 100vw, 225px\" \/><\/li>\n            <\/ul>\n        <\/div>\n        \n    <\/div>\n<\/div>\n","protected":false},"excerpt":{"rendered":"<p>Hauptamtliches\u00a0BERTA-Team \/\u00a0Mitarbeiterinnen Manuela Leuschner (Gesch\u00e4ftsf\u00fchrerin) Mag.a Katharina Oberndorfer (Juristische Beraterin) Mag.a Anita Lobnig (Psychosoziale Beraterin) Ehrenamtliches BERTA-TEAM \/\u00a0Vorst\u00e4ndinnen Petra Kapeller (Obfrau) Cornelia P\u00f6ttinger (Obfrau-Stellvertreterin) Agnes Dohoczki:\u00a0(Kassiererin) Kathrin Quell: (Schriftf\u00fchrerin) Der [&hellip;]<\/p>\n","protected":false},"author":1,"featured_media":0,"parent":0,"menu_order":0,"comment_status":"closed","ping_status":"closed","template":"","meta":{"footnotes":""},"_links":{"self":[{"href":"https:\/\/www.frauenberatung-kirchdorf.at\/index.php?rest_route=\/wp\/v2\/pages\/5"}],"collection":[{"href":"https:\/\/www.frauenberatung-kirchdorf.at\/index.php?rest_route=\/wp\/v2\/pages"}],"about":[{"href":"https:\/\/www.frauenberatung-kirchdorf.at\/index.php?rest_route=\/wp\/v2\/types\/page"}],"author":[{"embeddable":true,"href":"https:\/\/www.frauenberatung-kirchdorf.at\/index.php?rest_route=\/wp\/v2\/users\/1"}],"replies":[{"embeddable":true,"href":"https:\/\/www.frauenberatung-kirchdorf.at\/index.php?rest_route=%2Fwp%2Fv2%2Fcomments&post=5"}],"version-history":[{"count":37,"href":"https:\/\/www.frauenberatung-kirchdorf.at\/index.php?rest_route=\/wp\/v2\/pages\/5\/revisions"}],"predecessor-version":[{"id":1021,"href":"https:\/\/www.frauenberatung-kirchdorf.at\/index.php?rest_route=\/wp\/v2\/pages\/5\/revisions\/1021"}],"wp:attachment":[{"href":"https:\/\/www.frauenberatung-kirchdorf.at\/index.php?rest_route=%2Fwp%2Fv2%2Fmedia&parent=5"}],"curies":[{"name":"wp","href":"https:\/\/api.w.org\/{rel}","templated":true}]}}