{"id":7,"date":"2017-10-30T16:41:01","date_gmt":"2017-10-30T16:41:01","guid":{"rendered":"http:\/\/frauenberatung-kirchdorf.at\/wordpress\/?page_id=7"},"modified":"2018-12-13T15:09:17","modified_gmt":"2018-12-13T14:09:17","slug":"beratung","status":"publish","type":"page","link":"https:\/\/www.frauenberatung-kirchdorf.at\/?page_id=7","title":{"rendered":"Beratung"},"content":{"rendered":"<p>BERTA bietet kostenlose Beratung in allen Lebenslagen, nicht nur in Krisensituationen.\u00a0Ziel ist es, Frauen in ihrem eigenst\u00e4ndigen und selbstbestimmten Leben zu best\u00e4rken.<\/p>\n<p>Neben den klassischen Angeboten der Beratung, Information und Unterst\u00fctzung f\u00fcr Frauen und M\u00e4dchen in schwierigen Lebenslagen erwarten sich die Frauen von einer M\u00e4dchen- und Frauenberatungsstelle einen wichtigen Impuls f\u00fcr die Region, eine Anlaufstelle, die Frauenanliegen vor Ort thematisiert.<\/p>\n<p>Die Beratungsstelle soll sich zum Treffpunkt, Wohlf\u00fchlplatz und Kommunikationszentrum entwickeln und viel Raum f\u00fcr Visionen, Kreativit\u00e4t und Spa\u00df bieten. Au\u00dferdem sollen frauenspezifische Diskriminierungen transparent gemacht\u00a0 werden und diverse Veranstaltungen zum Thema Frau stattfindet.<\/p>\n<p>&nbsp;<\/p>\n<hr \/>\n<p>BERTA ber\u00e4t\u2026<\/p>\n<p>psychosozial und juristisch<\/p>\n<p>\u21d2 zu materieller Existenzsicherung<\/p>\n<p>\u21d2 bei Fragen zu Erwerbsarbeit, Wiedereinstieg, Vereinbarkeit von Beruf und Familie<\/p>\n<p>\u21d2 bei beruflichen Laufbahnfragen, Berufswahl und Neuorientierung<\/p>\n<p>\u21d2 bei Scheidung und Trennung<\/p>\n<p>\u21d2 bei Fragen zu Obsorge, Besuchsrecht und Unterhalt<\/p>\n<p>\u21d2 bei Schwangerschaftskonflikten \u2013 bei Bedarf mit Unterst\u00fctzung einer Gyn\u00e4kologin<\/p>\n<p>\u21d2 im Umgang mit Beh\u00f6rden<\/p>\n<p>\u21d2 und dient als Anlaufstelle in sonstigen Krisen und Notlagen<\/p>\n<hr \/>\n<h4>Weitere Schwerpunkte<\/h4>\n<p>&#x2666; Informationsveranstaltungen, Workshops und Projekte<\/p>\n<p>&#x2666; Kommunikationszentrum, Anlaufstelle, Netzwerke<\/p>\n<p>&#x2666; begleitende \u00d6ffentlichkeitsarbeit<\/p>\n<p>&#x2666; Suche nach Kooperationspartnerinnen<\/p>\n<p>&#x2666; Beratungsstelle als Frauenraum und Treffpunkt<\/p>\n","protected":false},"excerpt":{"rendered":"<p>BERTA bietet kostenlose Beratung in allen Lebenslagen, nicht nur in Krisensituationen.\u00a0Ziel ist es, Frauen in ihrem eigenst\u00e4ndigen und selbstbestimmten Leben zu best\u00e4rken. Neben den klassischen Angeboten der Beratung, Information und [&hellip;]<\/p>\n","protected":false},"author":1,"featured_media":0,"parent":0,"menu_order":0,"comment_status":"closed","ping_status":"closed","template":"","meta":{"footnotes":""},"_links":{"self":[{"href":"https:\/\/www.frauenberatung-kirchdorf.at\/index.php?rest_route=\/wp\/v2\/pages\/7"}],"collection":[{"href":"https:\/\/www.frauenberatung-kirchdorf.at\/index.php?rest_route=\/wp\/v2\/pages"}],"about":[{"href":"https:\/\/www.frauenberatung-kirchdorf.at\/index.php?rest_route=\/wp\/v2\/types\/page"}],"author":[{"embeddable":true,"href":"https:\/\/www.frauenberatung-kirchdorf.at\/index.php?rest_route=\/wp\/v2\/users\/1"}],"replies":[{"embeddable":true,"href":"https:\/\/www.frauenberatung-kirchdorf.at\/index.php?rest_route=%2Fwp%2Fv2%2Fcomments&post=7"}],"version-history":[{"count":18,"href":"https:\/\/www.frauenberatung-kirchdorf.at\/index.php?rest_route=\/wp\/v2\/pages\/7\/revisions"}],"predecessor-version":[{"id":478,"href":"https:\/\/www.frauenberatung-kirchdorf.at\/index.php?rest_route=\/wp\/v2\/pages\/7\/revisions\/478"}],"wp:attachment":[{"href":"https:\/\/www.frauenberatung-kirchdorf.at\/index.php?rest_route=%2Fwp%2Fv2%2Fmedia&parent=7"}],"curies":[{"name":"wp","href":"https:\/\/api.w.org\/{rel}","templated":true}]}}