{"id":727,"date":"2021-04-29T12:35:20","date_gmt":"2021-04-29T11:35:20","guid":{"rendered":"http:\/\/www.frauenberatung-kirchdorf.at\/wordpress\/?page_id=727"},"modified":"2024-12-05T13:01:46","modified_gmt":"2024-12-05T12:01:46","slug":"faqs","status":"publish","type":"page","link":"https:\/\/www.frauenberatung-kirchdorf.at\/?page_id=727","title":{"rendered":"FAQ`s"},"content":{"rendered":"<p><img loading=\"lazy\" decoding=\"async\" class=\"\" src=\"https:\/\/th.bing.com\/th\/id\/R1fffcffa8cf6f3fcdbfefd467d6cbdd9?rik=%2fuH2gD4VhsPaTg&amp;riu=http%3a%2f%2fforum-germano-gaditano.com%2fwp-content%2fuploads%2f2015%2f08%2fPfeil-nach-rechts.png&amp;ehk=KtX3XgBdAmE8Z6sfCATKMCUz1a1tVmmHylkGOvcMuQA%3d&amp;risl=&amp;pid=ImgRaw\" alt=\"Quellbild anzeigen\" width=\"42\" height=\"21\" \/>\u00a0Antworten zu den h\u00e4ufig gestellten Fragen:<\/p>\n<p><span style=\"color: #0000ff;\">Gibt es auch telefonische Beratungen?<\/span><\/p>\n<p>Je nach Wunsch der Klientin kann eine telefonische sowie eine Beratung in der Beratungsstelle vereinbart werden.<\/p>\n<p><span style=\"color: #0000ff;\">Wie kann Frau mit der BERTA Kontakt aufnehmen? Wie erfolgt eine Terminvereinbarung?<\/span><\/p>\n<p>F\u00fcr Terminvereinbarungen sind wir wie folgt erreichbar: Telefonisch unter 07582\/517 67 w\u00e4hrend unserer \u00d6ffnungszeiten oder 0676\/743 26 39 (auch au\u00dferhalb unserer \u00d6ffnungszeiten). Es k\u00f6nnen auch Terminanfragen per SMS oder WhatsApp unter genannter Handynummer durchgef\u00fchrt werden. Selbstverst\u00e4ndlich ist es auch m\u00f6glich uns per Mail (<a href=\"mailto:office@frauenberatung-kirchdorf.at\">office@frauenberatung-kirchdorf.at<\/a>) zu kontaktieren. Die Termine sind von der Klientin selbst zu vereinbaren.<\/p>\n<p><span style=\"color: #0000ff;\">Kann ich meine Freundin zu einer Beratung begleiten?<\/span><\/p>\n<p>Je nach Wunsch der zu beratenden Klientin.<\/p>\n<p><span style=\"color: #0000ff;\">Kann mich mein Partner\/ Mann zur Beratung begleiten?<\/span><\/p>\n<p>Je nach Wunsch der zu beratenden Klientin.<\/p>\n<p><span style=\"color: #0000ff;\">Kann ich w\u00e4hrend meiner Beratung in der BERTA in der N\u00e4he kostenlos parken?<\/span><\/p>\n<p>Am Hauptplatz befinden sich Parkpl\u00e4tze, welche f\u00fcr eine Geb\u00fchr bis zu 90 Min. genutzt werden k\u00f6nnen.<\/p>\n<p><span style=\"color: #0000ff;\">Mit welchen Kosten muss ich bei einer Beratung rechnen?<\/span><\/p>\n<p>S\u00e4mtliche Beratungen, ob rechtlich oder psychosozial sind kostenfrei und anonym.<\/p>\n<p><span style=\"color: #0000ff;\">Wie oft kann ich diese Beratung in Anspruch nehmen?<\/span><\/p>\n<p>F\u00fcr ein Beratungsgespr\u00e4ch ist eine Dauer von ca. 60 Min einzuplanen, die Anzahl der Beratungsgespr\u00e4che wird von den Beraterinnen individuell entschieden<\/p>\n<p><span style=\"color: #0000ff;\">Wann ist die BERTA ge\u00f6ffnet?<\/span><\/p>\n<p>Montag \u2013 Mittwoch, 09:00 \u201316:00 Uhr und Donnerstag, 13:00 -16:00 Uhr<\/p>\n<p><span style=\"color: #0000ff;\">Ich habe von einer \u201e\u00dcbergangswohnung\u201c gelesen\/ geh\u00f6rt. Was ist das?<\/span><\/p>\n<p>Frauen, die in einer belastenden h\u00e4uslichen Beziehungssituation leben, die krank macht, haben die M\u00f6glichkeit, mit vertraulicher Beratung und Unterst\u00fctzung durch die Beraterinnen, ein selbstbestimmtes und existenzgesichertes sowie gewaltfreies Leben aufzubauen.<\/p>\n<p><span style=\"color: #0000ff;\">Wie lange kann ich in der \u00dcbergangswohnung bleiben?<\/span><\/p>\n<p>Bis max. 6 Monate, der Benutzung- und Betreuungsvertrag kann jederzeit auch vorher aufgel\u00f6st werden. Die \u00dcbergangswohnung wird als Hauptwohnsitz f\u00fcr die Klientin angemeldet.<\/p>\n<p><span style=\"color: #0000ff;\">Was sollte ich auf jeden Fall bei einem Einzug in die \u00dcbergangswohnung mitnehmen?<\/span><\/p>\n<p>Alle Papiere wie Geburtsurkunde, Reisepass, etc. sowie Bekleidung.<\/p>\n<p><span style=\"color: #0000ff;\">Mit welchen Kosten muss ich rechnen, wenn ich in die \u00dcbergangswohnung einziehe?<\/span><\/p>\n<p>Beim Einzug ist derzeit eine Kaution f\u00fcr Schl\u00fcssel und Inventar in H\u00f6he von \u20ac 100,- zu hinterlegen, welche beim Auszug zur\u00fcckerstattet wird. Die Monatsmiete wird errechnet mit \u20ac 5,- pro Tag\/Klientin.<\/p>\n<p><span style=\"color: #0000ff;\">K\u00f6nnen meine Kinder mit mir in die \u00dcbergangswohnung einziehen?<\/span><\/p>\n<p>In unserer \u00dcbergangswohnung ist es m\u00f6glich, mit bis zu 2 Kinder pro Klientin einzuziehen, da es sich hierbei um um eine WG handelt. Diese kann mit max. 2 Frauen und je 2 Kinder belegt werden. Die Kosten pro Kind sind je nach Alter des Kindes unterschiedlich.<\/p>\n<p><span style=\"color: #0000ff;\">Kann ich mein Haustier (Bsp.: Hund, Katze) mitnehmen?<\/span><\/p>\n<p>Haustiere sind in der \u00dcbergangswohnung nicht erlaubt.<\/p>\n<p><span style=\"color: #0000ff;\">Wie erfolgt die Aufnahme in die Wohnung?<\/span><\/p>\n<p>Die Nutzung der Wohnung erfolgt nach einem Abkl\u00e4rungsgespr\u00e4ch zwischen der Klientin und den Beraterinnen.<\/p>\n","protected":false},"excerpt":{"rendered":"<p>\u00a0Antworten zu den h\u00e4ufig gestellten Fragen: Gibt es auch telefonische Beratungen? Je nach Wunsch der Klientin kann eine telefonische sowie eine Beratung in der Beratungsstelle vereinbart werden. Wie kann Frau [&hellip;]<\/p>\n","protected":false},"author":1,"featured_media":0,"parent":0,"menu_order":0,"comment_status":"closed","ping_status":"closed","template":"","meta":{"footnotes":""},"_links":{"self":[{"href":"https:\/\/www.frauenberatung-kirchdorf.at\/index.php?rest_route=\/wp\/v2\/pages\/727"}],"collection":[{"href":"https:\/\/www.frauenberatung-kirchdorf.at\/index.php?rest_route=\/wp\/v2\/pages"}],"about":[{"href":"https:\/\/www.frauenberatung-kirchdorf.at\/index.php?rest_route=\/wp\/v2\/types\/page"}],"author":[{"embeddable":true,"href":"https:\/\/www.frauenberatung-kirchdorf.at\/index.php?rest_route=\/wp\/v2\/users\/1"}],"replies":[{"embeddable":true,"href":"https:\/\/www.frauenberatung-kirchdorf.at\/index.php?rest_route=%2Fwp%2Fv2%2Fcomments&post=727"}],"version-history":[{"count":6,"href":"https:\/\/www.frauenberatung-kirchdorf.at\/index.php?rest_route=\/wp\/v2\/pages\/727\/revisions"}],"predecessor-version":[{"id":1052,"href":"https:\/\/www.frauenberatung-kirchdorf.at\/index.php?rest_route=\/wp\/v2\/pages\/727\/revisions\/1052"}],"wp:attachment":[{"href":"https:\/\/www.frauenberatung-kirchdorf.at\/index.php?rest_route=%2Fwp%2Fv2%2Fmedia&parent=727"}],"curies":[{"name":"wp","href":"https:\/\/api.w.org\/{rel}","templated":true}]}}